{"id":3,"date":"2020-02-14T09:25:19","date_gmt":"2020-02-14T09:25:19","guid":{"rendered":"http:\/\/stamet.pl\/?page_id=3"},"modified":"2020-06-18T10:22:10","modified_gmt":"2020-06-18T10:22:10","slug":"polityka-prywatnosci","status":"publish","type":"page","link":"https:\/\/stamet.pl\/en\/polityka-prywatnosci\/","title":{"rendered":"Privacy policy"},"content":{"rendered":"<div id=\"vc_row-69e4c00d8a707\" class=\"vc_row wpb_row vc_row-fluid thegem-custom-69e4c00d8a6d53094\"><div class=\"wpb_column vc_column_container vc_col-sm-12 thegem-custom-69e4c00d8a90b7489\"><div class=\"vc_column-inner thegem-custom-inner-69e4c00d8a90c\"><style>\n.thegem-template-wrapper .wpb_wrapper.thegem-custom-69e4c00d8a90b7489{display: flex !important;}.thegem-template-wrapper .wpb_wrapper.thegem-custom-69e4c00d8a90b7489{align-items: center !important;}.thegem-template-wrapper .wpb_wrapper.thegem-custom-69e4c00d8a90b7489{justify-content: flex-start !important;}.thegem-template-wrapper .wpb_wrapper.thegem-custom-69e4c00d8a90b7489{flex-direction: row !important;}.thegem-template-wrapper .wpb_wrapper.thegem-custom-69e4c00d8a90b7489{flex-wrap: wrap !important;}<\/style><div class=\"wpb_wrapper thegem-custom-69e4c00d8a90b7489\">\n<div class=\"vc-zigzag-wrapper vc-zigzag-align-left\"><div class=\"vc-zigzag-inner\" style=\"width: 40%;min-height: 17px;background: 0 repeat-x url(&#039;data:image\/svg+xml;utf-8,%3C%3Fxml%20version%3D%221.0%22%20encoding%3D%22utf-8%22%3F%3E%3C%21DOCTYPE%20svg%20PUBLIC%20%22-%2F%2FW3C%2F%2FDTD%20SVG%201.1%2F%2FEN%22%20%22http%3A%2F%2Fwww.w3.org%2FGraphics%2FSVG%2F1.1%2FDTD%2Fsvg11.dtd%22%3E%3Csvg%20width%3D%2217px%22%20height%3D%2215px%22%20viewBox%3D%220%200%2018%2015%22%20version%3D%221.1%22%20xmlns%3D%22http%3A%2F%2Fwww.w3.org%2F2000%2Fsvg%22%20xmlns%3Axlink%3D%22http%3A%2F%2Fwww.w3.org%2F1999%2Fxlink%22%3E%3Cpolygon%20id%3D%22Combined-Shape%22%20fill%3D%22%235aa1e3%22%20points%3D%228.98762301%200%200%209.12771969%200%2014.519983%209%205.40479869%2018%2014.519983%2018%209.12771969%22%3E%3C%2Fpolygon%3E%3C%2Fsvg%3E&#039;);\"><\/div><\/div><\/div><\/div><\/div><\/div><div id=\"vc_row-69e4c00d8ae30\" class=\"vc_row wpb_row vc_row-fluid thegem-custom-69e4c00d8ae289359\"><div class=\"wpb_column vc_column_container vc_col-sm-12 thegem-custom-69e4c00d8b001315\"><div class=\"vc_column-inner thegem-custom-inner-69e4c00d8b002\"><style>\n.thegem-template-wrapper .wpb_wrapper.thegem-custom-69e4c00d8b001315{display: flex !important;}.thegem-template-wrapper .wpb_wrapper.thegem-custom-69e4c00d8b001315{align-items: center !important;}.thegem-template-wrapper .wpb_wrapper.thegem-custom-69e4c00d8b001315{justify-content: flex-start !important;}.thegem-template-wrapper .wpb_wrapper.thegem-custom-69e4c00d8b001315{flex-direction: row !important;}.thegem-template-wrapper .wpb_wrapper.thegem-custom-69e4c00d8b001315{flex-wrap: wrap !important;}<\/style><div class=\"wpb_wrapper thegem-custom-69e4c00d8b001315\">\r\n\t\r\n\t\t<div class=\"wpb_text_column wpb_content_element  thegem-vc-text thegem-custom-69e4c00d8b1c4486\"  >\r\n\t\t\t<div class=\"wpb_wrapper\">\r\n\t\t\t\t<p style=\"text-align: justify;\"><strong>General information<\/strong><\/p>\n<p style=\"text-align: justify;\">1. This Policy applies to the www website, under the url address: www.stamet.pl<br \/>\n2. STAMET Sp\u00f3\u0142ka Cywilna Dorota Kr\u00f3l, Marta Rusin, Stanis\u0142aw Stachura is the keeper of the Website and the Administrator of the personal data.<br \/>\n3. Contact e-mail address of the website\u2019s keeper: <a href=\"mailto:opiekunportalu@stamet.pl\">opiekunportalu@stamet.pl<\/a><br \/>\n4. The website uses personal data for presentation and showcasing of the company\u2019s offer.<br \/>\n5. The website realises the functions of collecting user data and their actions in the following manner:<\/p>\n<ul style=\"text-align: justify;\">\n<li>voluntarily entered data in the website\u2019s forms.<\/li>\n<li>saving the cookie files (Cookies) in the end devices.<\/li>\n<\/ul>\n<p style=\"text-align: justify;\">6. The website is hosted (technical maintenance) on the www.home.pl server.<\/p>\n<p style=\"text-align: justify;\"><strong>Information about the use of data<\/strong><\/p>\n<p style=\"text-align: justify;\">1. In some situations the Administrator has the right to pass your personal data to other receivers if this is necessary to realise the responsibilities burdened upon the Administrator. It concerns such receiver groups as: authorised employees and associates who use the data to handle the enquiries in the form on the website.<\/p>\n<p style=\"text-align: justify;\">2. The User has the right to request from the Administrator:<\/p>\n<ul style=\"text-align: justify;\">\n<li>access to the User\u2019s personal data<\/li>\n<li>editing of the User\u2019s personal data<\/li>\n<li>removal of the User\u2019s personal data<\/li>\n<\/ul>\n<p style=\"text-align: justify;\">3. The User can request the complete removal of the entered personal data and the Administrator obliges to permanently remove the data. After the data removal the STAMET company won\u2019t be able to contact the User. To remove the data you have entered you have to contact the person responsible for data handling under the e-mail address: <a href=\"mailto:inspektordanych@stamet.pl\">inspektordanych@stamet.pl<\/a><\/p>\n<p style=\"text-align: justify;\">4. There can be made a complaint about Administrator\u2019s actions to Prezes Urz\u0119du Ochrony Danych Osobowych (Personal Data Protection Office President).<\/p>\n<p style=\"text-align: justify;\">5. Entering of the personal data is voluntary although necessary for handling the Website.<\/p>\n<p style=\"text-align: justify;\">6. There can be actions undertaken consisting of automated decision making, including profiling to provide services under the concluded agreement and for conducting direct marketing by the Administrator.<\/p>\n<p style=\"text-align: justify;\">7. The personal data isn\u2019t passed on to third party countries in terms of laws about personal data protection. This means we don\u2019t pass them on beyond the European Union.<\/p>\n<p style=\"text-align: justify;\">8. The information about the users\u2019 behaviour on the website can be used to keep logs. This data are used for administering the Website.<\/p>\n<p style=\"text-align: justify;\"><strong>Information in forms<\/strong><\/p>\n<p style=\"text-align: justify;\">1. The Website collects the information voluntarily entered by the User including personal data if they are entered.<\/p>\n<p style=\"text-align: justify;\">2. The Website can save information about the connection\u2019s parameters (time, IP address).<\/p>\n<p style=\"text-align: justify;\">3. Data entered in the form are processed for the purpose resulting from the function of the contact form, e.g. for establishing cooperation with our company.<\/p>\n<p style=\"text-align: justify;\"><strong>Information about Cookies<\/strong><\/p>\n<p style=\"text-align: justify;\">1. The website uses cookie files.<\/p>\n<p style=\"text-align: justify;\">2. Cookie files (Cookies) are IT data, especially text files, which are kept in the Website User\u2019s end device and are intended for using the Website\u2019s web pages. Cookies usually contain the name of the website from which they come, the time of their storage  in the end device and a unique number.<\/p>\n<p style=\"text-align: justify;\">3. The subject who features the cookie files in the Website\u2019s User\u2019s end device and who gains the access to them is the Website\u2019s operator.<\/p>\n<p style=\"text-align: justify;\">4. The cookie files are used for the following purposes: maintaining the Website\u2019s User\u2019s session (after login), thanks to which the User doesn\u2019t have to enter the login and password on every subpage of the Website.<\/p>\n<p style=\"text-align: justify;\">5. Within the Website there are two primary types of cookie files used: session cookies and persistent cookies. Session cookies are the temporary files which are kept in the User\u2019s end device until logout, leaving the web page or turning off the software (web browser). Persistent cookies are being stored in the User\u2019s end device for the time determined in the cookie files\u2019 parameters or until they are removed by the User.<\/p>\n<p style=\"text-align: justify;\">6. Web page browsing software (web browser) usually allows cookie files storage in the User\u2019s end device by default. The Website\u2019s Users can perform changes in this matter. Web browser enables the removal of cookie files. It is also possible to automatically block cookie files. More detailed information about this are included in the web browser\u2019s Help page or in the web browser\u2019s documentation.<\/p>\n<p style=\"text-align: justify;\">7. Limiting the cookie files usage can affect some functionalities available on the web pages of the Website.<\/p>\n<p style=\"text-align: justify;\">8. If the User doesn\u2019t want to receive the cookie files, they can change the web browser\u2019s settings. We stipulate that turning off the support for cookie files essential for the authorisation, security and User\u2019s preference processes can obstruct or, in extreme cases, make using of the www web pages impossible.<\/p>\n\r\n\t\t\t<\/div>\r\n\t\t<\/div>\r\n\t\r\n<\/div><\/div><\/div><\/div>","protected":false},"excerpt":{"rendered":"","protected":false},"author":1,"featured_media":0,"parent":0,"menu_order":0,"comment_status":"closed","ping_status":"open","template":"","meta":{"footnotes":""},"class_list":["post-3","page","type-page","status-publish"],"yoast_head":"<!-- This site is optimized with the Yoast SEO plugin v27.4 - https:\/\/yoast.com\/product\/yoast-seo-wordpress\/ -->\n<title>Polityka prywatno\u015bci - Stamet<\/title>\n<meta name=\"robots\" content=\"index, follow, max-snippet:-1, max-image-preview:large, max-video-preview:-1\" \/>\n<link rel=\"canonical\" href=\"https:\/\/stamet.pl\/en\/polityka-prywatnosci\/\" \/>\n<meta property=\"og:locale\" content=\"en_GB\" \/>\n<meta property=\"og:type\" content=\"article\" \/>\n<meta property=\"og:title\" content=\"Polityka prywatno\u015bci - Stamet\" \/>\n<meta property=\"og:url\" content=\"https:\/\/stamet.pl\/en\/polityka-prywatnosci\/\" \/>\n<meta property=\"og:site_name\" content=\"Stamet\" \/>\n<meta property=\"article:modified_time\" content=\"2020-06-18T10:22:10+00:00\" \/>\n<meta name=\"twitter:card\" content=\"summary_large_image\" \/>\n<meta name=\"twitter:label1\" content=\"Estimated reading time\" \/>\n\t<meta name=\"twitter:data1\" content=\"4 minutes\" \/>\n<script type=\"application\/ld+json\" class=\"yoast-schema-graph\">{\"@context\":\"https:\\\/\\\/schema.org\",\"@graph\":[{\"@type\":\"WebPage\",\"@id\":\"https:\\\/\\\/stamet.pl\\\/en\\\/polityka-prywatnosci\\\/\",\"url\":\"https:\\\/\\\/stamet.pl\\\/en\\\/polityka-prywatnosci\\\/\",\"name\":\"Polityka prywatno\u015bci - Stamet\",\"isPartOf\":{\"@id\":\"https:\\\/\\\/stamet.pl\\\/en\\\/#website\"},\"datePublished\":\"2020-02-14T09:25:19+00:00\",\"dateModified\":\"2020-06-18T10:22:10+00:00\",\"breadcrumb\":{\"@id\":\"https:\\\/\\\/stamet.pl\\\/en\\\/polityka-prywatnosci\\\/#breadcrumb\"},\"inLanguage\":\"en-GB\",\"potentialAction\":[{\"@type\":\"ReadAction\",\"target\":[\"https:\\\/\\\/stamet.pl\\\/en\\\/polityka-prywatnosci\\\/\"]}]},{\"@type\":\"BreadcrumbList\",\"@id\":\"https:\\\/\\\/stamet.pl\\\/en\\\/polityka-prywatnosci\\\/#breadcrumb\",\"itemListElement\":[{\"@type\":\"ListItem\",\"position\":1,\"name\":\"Strona g\u0142\u00f3wna\",\"item\":\"https:\\\/\\\/stamet.pl\\\/en\\\/\"},{\"@type\":\"ListItem\",\"position\":2,\"name\":\"Polityka prywatno\u015bci\"}]},{\"@type\":\"WebSite\",\"@id\":\"https:\\\/\\\/stamet.pl\\\/en\\\/#website\",\"url\":\"https:\\\/\\\/stamet.pl\\\/en\\\/\",\"name\":\"Stamet\",\"description\":\"\",\"potentialAction\":[{\"@type\":\"SearchAction\",\"target\":{\"@type\":\"EntryPoint\",\"urlTemplate\":\"https:\\\/\\\/stamet.pl\\\/en\\\/?s={search_term_string}\"},\"query-input\":{\"@type\":\"PropertyValueSpecification\",\"valueRequired\":true,\"valueName\":\"search_term_string\"}}],\"inLanguage\":\"en-GB\"}]}<\/script>\n<!-- \/ Yoast SEO plugin. -->","yoast_head_json":{"title":"Polityka prywatno\u015bci - Stamet","robots":{"index":"index","follow":"follow","max-snippet":"max-snippet:-1","max-image-preview":"max-image-preview:large","max-video-preview":"max-video-preview:-1"},"canonical":"https:\/\/stamet.pl\/en\/polityka-prywatnosci\/","og_locale":"en_GB","og_type":"article","og_title":"Polityka prywatno\u015bci - Stamet","og_url":"https:\/\/stamet.pl\/en\/polityka-prywatnosci\/","og_site_name":"Stamet","article_modified_time":"2020-06-18T10:22:10+00:00","twitter_card":"summary_large_image","twitter_misc":{"Estimated reading time":"4 minutes"},"schema":{"@context":"https:\/\/schema.org","@graph":[{"@type":"WebPage","@id":"https:\/\/stamet.pl\/en\/polityka-prywatnosci\/","url":"https:\/\/stamet.pl\/en\/polityka-prywatnosci\/","name":"Polityka prywatno\u015bci - Stamet","isPartOf":{"@id":"https:\/\/stamet.pl\/en\/#website"},"datePublished":"2020-02-14T09:25:19+00:00","dateModified":"2020-06-18T10:22:10+00:00","breadcrumb":{"@id":"https:\/\/stamet.pl\/en\/polityka-prywatnosci\/#breadcrumb"},"inLanguage":"en-GB","potentialAction":[{"@type":"ReadAction","target":["https:\/\/stamet.pl\/en\/polityka-prywatnosci\/"]}]},{"@type":"BreadcrumbList","@id":"https:\/\/stamet.pl\/en\/polityka-prywatnosci\/#breadcrumb","itemListElement":[{"@type":"ListItem","position":1,"name":"Strona g\u0142\u00f3wna","item":"https:\/\/stamet.pl\/en\/"},{"@type":"ListItem","position":2,"name":"Polityka prywatno\u015bci"}]},{"@type":"WebSite","@id":"https:\/\/stamet.pl\/en\/#website","url":"https:\/\/stamet.pl\/en\/","name":"Stamet","description":"","potentialAction":[{"@type":"SearchAction","target":{"@type":"EntryPoint","urlTemplate":"https:\/\/stamet.pl\/en\/?s={search_term_string}"},"query-input":{"@type":"PropertyValueSpecification","valueRequired":true,"valueName":"search_term_string"}}],"inLanguage":"en-GB"}]}},"_links":{"self":[{"href":"https:\/\/stamet.pl\/en\/wp-json\/wp\/v2\/pages\/3","targetHints":{"allow":["GET"]}}],"collection":[{"href":"https:\/\/stamet.pl\/en\/wp-json\/wp\/v2\/pages"}],"about":[{"href":"https:\/\/stamet.pl\/en\/wp-json\/wp\/v2\/types\/page"}],"author":[{"embeddable":true,"href":"https:\/\/stamet.pl\/en\/wp-json\/wp\/v2\/users\/1"}],"replies":[{"embeddable":true,"href":"https:\/\/stamet.pl\/en\/wp-json\/wp\/v2\/comments?post=3"}],"version-history":[{"count":11,"href":"https:\/\/stamet.pl\/en\/wp-json\/wp\/v2\/pages\/3\/revisions"}],"predecessor-version":[{"id":2278,"href":"https:\/\/stamet.pl\/en\/wp-json\/wp\/v2\/pages\/3\/revisions\/2278"}],"wp:attachment":[{"href":"https:\/\/stamet.pl\/en\/wp-json\/wp\/v2\/media?parent=3"}],"curies":[{"name":"wp","href":"https:\/\/api.w.org\/{rel}","templated":true}]}}