{"id":27,"date":"2018-12-11T06:35:42","date_gmt":"2018-12-11T06:35:42","guid":{"rendered":"http:\/\/democontent.codex-themes.com\/sites\/logistic-transport\/?page_id=27"},"modified":"2022-12-13T11:47:18","modified_gmt":"2022-12-13T11:47:18","slug":"kontakt","status":"publish","type":"page","link":"https:\/\/stamet.pl\/en\/kontakt\/","title":{"rendered":"Contact us"},"content":{"rendered":"<div id=\"vc_row-69e4c1b2542d8\" class=\"vc_row wpb_row vc_row-fluid thegem-custom-69e4c1b2542a75869\"><div class=\"wpb_column vc_column_container vc_col-sm-12 thegem-custom-69e4c1b2545009620\"><div class=\"vc_column-inner thegem-custom-inner-69e4c1b254502 \"><style>\n.thegem-template-wrapper .wpb_wrapper.thegem-custom-69e4c1b2545009620{display: flex !important;}.thegem-template-wrapper .wpb_wrapper.thegem-custom-69e4c1b2545009620{align-items: center !important;}.thegem-template-wrapper .wpb_wrapper.thegem-custom-69e4c1b2545009620{justify-content: flex-start !important;}.thegem-template-wrapper .wpb_wrapper.thegem-custom-69e4c1b2545009620{flex-direction: row !important;}.thegem-template-wrapper .wpb_wrapper.thegem-custom-69e4c1b2545009620{flex-wrap: wrap !important;}<\/style><div class=\"wpb_wrapper thegem-custom-69e4c1b2545009620\">\n<div class=\"vc-zigzag-wrapper vc-zigzag-align-left\"><div class=\"vc-zigzag-inner\" style=\"width: 40%;min-height: 17px;background: 0 repeat-x url(&#039;data:image\/svg+xml;utf-8,%3C%3Fxml%20version%3D%221.0%22%20encoding%3D%22utf-8%22%3F%3E%3C%21DOCTYPE%20svg%20PUBLIC%20%22-%2F%2FW3C%2F%2FDTD%20SVG%201.1%2F%2FEN%22%20%22http%3A%2F%2Fwww.w3.org%2FGraphics%2FSVG%2F1.1%2FDTD%2Fsvg11.dtd%22%3E%3Csvg%20width%3D%2217px%22%20height%3D%2215px%22%20viewBox%3D%220%200%2018%2015%22%20version%3D%221.1%22%20xmlns%3D%22http%3A%2F%2Fwww.w3.org%2F2000%2Fsvg%22%20xmlns%3Axlink%3D%22http%3A%2F%2Fwww.w3.org%2F1999%2Fxlink%22%3E%3Cpolygon%20id%3D%22Combined-Shape%22%20fill%3D%22%235aa1e3%22%20points%3D%228.98762301%200%200%209.12771969%200%2014.519983%209%205.40479869%2018%2014.519983%2018%209.12771969%22%3E%3C%2Fpolygon%3E%3C%2Fsvg%3E&#039;);\"><\/div><\/div><\/div><\/div><\/div><\/div><div id=\"vc_row-69e4c1b2549b0\" class=\"vc_row wpb_row vc_row-fluid thegem-custom-69e4c1b2549a97713\"><div class=\"wpb_column vc_column_container vc_col-sm-6 thegem-custom-69e4c1b254b8f6549\"><div class=\"vc_column-inner thegem-custom-inner-69e4c1b254b90 \"><style>\n.thegem-template-wrapper .wpb_wrapper.thegem-custom-69e4c1b254b8f6549{display: flex !important;}.thegem-template-wrapper .wpb_wrapper.thegem-custom-69e4c1b254b8f6549{align-items: center !important;}.thegem-template-wrapper .wpb_wrapper.thegem-custom-69e4c1b254b8f6549{justify-content: flex-start !important;}.thegem-template-wrapper .wpb_wrapper.thegem-custom-69e4c1b254b8f6549{flex-direction: row !important;}.thegem-template-wrapper .wpb_wrapper.thegem-custom-69e4c1b254b8f6549{flex-wrap: wrap !important;}<\/style><div class=\"wpb_wrapper thegem-custom-69e4c1b254b8f6549\">\r\n\t\r\n\t\t<div class=\"wpb_text_column wpb_content_element  thegem-vc-text thegem-custom-69e4c1b254d201473\"  >\r\n\t\t\t<div class=\"wpb_wrapper\">\r\n\t\t\t\t<div class='fluentform ff-default fluentform_wrapper_1 ffs_default_wrap'><form data-form_id=\"1\" id=\"fluentform_1\" class=\"frm-fluent-form fluent_form_1 ff-el-form-top ff_form_instance_1_1 ff-form-loading ffs_default\" data-form_instance=\"ff_form_instance_1_1\" method=\"POST\" ><fieldset  style=\"border: none!important;margin: 0!important;padding: 0!important;background-color: transparent!important;box-shadow: none!important;outline: none!important; min-inline-size: 100%;\">\n                    <legend class=\"ff_screen_reader_title\" style=\"display: block; margin: 0!important;padding: 0!important;height: 0!important;text-indent: -999999px;width: 0!important;overflow:hidden;\">Contact Form Demo (#1)<\/legend><input type='hidden' name='__fluent_form_embded_post_id' value='27' \/><input type=\"hidden\" id=\"_fluentform_1_fluentformnonce\" name=\"_fluentform_1_fluentformnonce\" value=\"67b50b7d02\" \/><input type=\"hidden\" name=\"_wp_http_referer\" value=\"\/en\/wp-json\/wp\/v2\/pages\/27\" \/><div data-type=\"name-element\" data-name=\"names\" class=\" ff-field_container ff-name-field-wrapper\" ><div class='ff-t-container'><div class='ff-t-cell '><div class='ff-el-group'><div class=\"ff-el-input--label asterisk-left\"><label for='ff_1_names_first_name_' id='label_ff_1_names_first_name_' >Imi\u0119<\/label><\/div><div class='ff-el-input--content'><input type=\"text\" name=\"names[first_name]\" id=\"ff_1_names_first_name_\" class=\"ff-el-form-control\" placeholder=\"Imi\u0119 \" aria-invalid=\"false\" aria-required=false><\/div><\/div><\/div><div class='ff-t-cell '><div class='ff-el-group'><div class=\"ff-el-input--label asterisk-left\"><label for='ff_1_names_last_name_' id='label_ff_1_names_last_name_' >Nazwisko<\/label><\/div><div class='ff-el-input--content'><input type=\"text\" name=\"names[last_name]\" id=\"ff_1_names_last_name_\" class=\"ff-el-form-control\" placeholder=\"Nazwisko\" aria-invalid=\"false\" aria-required=false><\/div><\/div><\/div><\/div><\/div><div class='ff-el-group'><div class=\"ff-el-input--label ff-el-is-required asterisk-left\"><label for='ff_1_email' id='label_ff_1_email' aria-label=\"E-mail\">E-mail<\/label><\/div><div class='ff-el-input--content'><input type=\"email\" name=\"email\" id=\"ff_1_email\" class=\"ff-el-form-control\" placeholder=\"Adres e-mail\" data-name=\"email\"  aria-invalid=\"false\" aria-required=true><\/div><\/div><div class='ff-el-group'><div class=\"ff-el-input--label asterisk-left\"><label for='ff_1_subject' id='label_ff_1_subject' aria-label=\"Temat\">Temat<\/label><\/div><div class='ff-el-input--content'><input type=\"text\" name=\"subject\" class=\"ff-el-form-control\" placeholder=\"Temat\" data-name=\"subject\" id=\"ff_1_subject\"  aria-invalid=\"false\" aria-required=false><\/div><\/div><div class='ff-el-group'><div class=\"ff-el-input--label ff-el-is-required asterisk-left\"><label for='ff_1_message' id='label_ff_1_message' aria-label=\"Wiadomo\u015b\u0107\">Wiadomo\u015b\u0107<\/label><\/div><div class='ff-el-input--content'><textarea aria-required=\"true\" aria-labelledby=\"label_ff_1_message\" name=\"message\" id=\"ff_1_message\" class=\"ff-el-form-control\" placeholder=\"Wiadomo\u015b\u0107\" rows=\"4\" cols=\"2\" data-name=\"message\" ><\/textarea><\/div><\/div><div class='ff-el-group ' ><div class='ff-el-input--content'><div data-fluent_id='1' name='g-recaptcha-response'><div\n\t\tdata-sitekey='6LcHuwEVAAAAABdLA86crJH-45Y7WIVi1Cbom_rs'\n\t\tid='fluentform-recaptcha-1-1'\n\t\tclass='ff-el-recaptcha g-recaptcha'\n\t\tdata-callback='fluentFormrecaptchaSuccessCallback'><\/div><\/div><\/div><\/div><div class='ff-el-group ff-text-left ff_submit_btn_wrapper'><button type=\"submit\" class=\"ff-btn ff-btn-submit ff-btn-md ff_btn_style\"  aria-label=\"Wy\u015blij\">Wy\u015blij <\/button><\/div><\/fieldset><\/form><div id='fluentform_1_errors' class='ff-errors-in-stack ff_form_instance_1_1 ff-form-loading_errors ff_form_instance_1_1_errors'><\/div><\/div>            <script type=\"text\/javascript\">\n                window.fluent_form_ff_form_instance_1_1 = {\"id\":\"1\",\"ajaxUrl\":\"https:\\\/\\\/stamet.pl\\\/wp-admin\\\/admin-ajax.php\",\"settings\":{\"layout\":{\"labelPlacement\":\"top\",\"helpMessagePlacement\":\"with_label\",\"errorMessagePlacement\":\"inline\",\"asteriskPlacement\":\"asterisk-left\"},\"id\":\"39\",\"restrictions\":{\"denyEmptySubmission\":{\"enabled\":false}}},\"form_instance\":\"ff_form_instance_1_1\",\"form_id_selector\":\"fluentform_1\",\"rules\":{\"names[first_name]\":{\"required\":{\"value\":false,\"message\":\"This field is required\"}},\"names[middle_name]\":{\"required\":{\"value\":false,\"message\":\"This field is required\"}},\"names[last_name]\":{\"required\":{\"value\":false,\"message\":\"This field is required\"}},\"email\":{\"required\":{\"value\":true,\"message\":\"This field is required\"},\"email\":{\"value\":true,\"message\":\"This field must contain a valid email\"}},\"subject\":{\"required\":{\"value\":false,\"message\":\"This field is required\"}},\"message\":{\"required\":{\"value\":true,\"message\":\"This field is required\"}},\"recaptcha_1\":[]},\"debounce_time\":300};\n                            <\/script>\n            \n<div class=\"elfsight-admin-page-widgets-list-item-shortcode-copy\"><\/div>\n\r\n\t\t\t<\/div>\r\n\t\t<\/div>\r\n\t\r\n<\/div><\/div><\/div><div class=\"wpb_column vc_column_container vc_col-sm-6 thegem-custom-69e4c1b25824d7724\"><div class=\"vc_column-inner thegem-custom-inner-69e4c1b25824f \"><style>\n.thegem-template-wrapper .wpb_wrapper.thegem-custom-69e4c1b25824d7724{display: flex !important;}.thegem-template-wrapper .wpb_wrapper.thegem-custom-69e4c1b25824d7724{align-items: center !important;}.thegem-template-wrapper .wpb_wrapper.thegem-custom-69e4c1b25824d7724{justify-content: flex-start !important;}.thegem-template-wrapper .wpb_wrapper.thegem-custom-69e4c1b25824d7724{flex-direction: row !important;}.thegem-template-wrapper .wpb_wrapper.thegem-custom-69e4c1b25824d7724{flex-wrap: wrap !important;}<\/style><div class=\"wpb_wrapper thegem-custom-69e4c1b25824d7724\">\r\n\t\r\n\t\t<div class=\"wpb_text_column wpb_content_element  thegem-vc-text thegem-custom-69e4c1b2583eb9402\"  >\r\n\t\t\t<div class=\"wpb_wrapper\">\r\n\t\t\t\t<p><strong>STAMET Sp\u00f3\u0142ka Cywilna Dorota Kr\u00f3l, Marta Rusin, Stanis\u0142aw Stachura<\/strong><br \/>\nNIP: 817 196 45 36<\/p>\n\r\n\t\t\t<\/div>\r\n\t\t<\/div>\r\n\t\r\n<div class=\"vc_row wpb_row vc_inner vc_row-fluid custom-inner-column-69e4c1b25859b\"><div class=\"wpb_column vc_column_container vc_col-sm-6\"><div class=\"vc_column-inner thegem-custom-inner-69e4c1b2586fa \"><div class=\"wpb_wrapper\">\r\n\t\r\n\t\t<div class=\"wpb_text_column wpb_content_element  thegem-vc-text thegem-custom-69e4c1b25882754\"  >\r\n\t\t\t<div class=\"wpb_wrapper\">\r\n\t\t\t\t<p><strong>Dane adresowe:<\/strong><br \/>\nul. Partyzant\u00f3w 21 A<br \/>\n39-300 Mielec<br \/>\nPOLAND<\/p>\n\r\n\t\t\t<\/div>\r\n\t\t<\/div>\r\n\t\r\n<\/div><\/div><\/div><div class=\"wpb_column vc_column_container vc_col-sm-6\"><div class=\"vc_column-inner thegem-custom-inner-69e4c1b258952 \"><div class=\"wpb_wrapper\">\r\n\t\r\n\t\t<div class=\"wpb_text_column wpb_content_element  thegem-vc-text thegem-custom-69e4c1b258a343771\"  >\r\n\t\t\t<div class=\"wpb_wrapper\">\r\n\t\t\t\t<p><strong>Dane kontaktowe:<br \/>\n<\/strong>tel. +48 17 788 70 90<br \/>\nfax. +48 17 788 69 23<br \/>\ne-mail: <a href=\"mailto:stamet@stamet.pl\">stamet@stamet.pl<\/a><\/p>\n\r\n\t\t\t<\/div>\r\n\t\t<\/div>\r\n\t\r\n<\/div><\/div><\/div><\/div>\r\n\t\r\n\t\t<div class=\"wpb_text_column wpb_content_element  thegem-vc-text thegem-custom-69e4c1b258b456660\"  >\r\n\t\t\t<div class=\"wpb_wrapper\">\r\n\t\t\t\t<p><strong>Dane lokalizacyjne dla Dostawc\u00f3w (<a href=\"https:\/\/goo.gl\/maps\/vECuDFpgucEsVPuT7\" target=\"_blank\" rel=\"noopener\">50.302458 N\u00b0, 21471655 E\u00b0<\/a>).<\/strong><\/p>\n<p>&nbsp;<\/p>\n\r\n\t\t\t<\/div>\r\n\t\t<\/div>\r\n\t\r\n\r\n<div class=\"wpb_gmaps_widget wpb_content_element\">\r\n\t\t<div class=\"wpb_wrapper\">\r\n\t\t<div class=\"wpb_map_wraper \">\r\n\t\t\t<iframe src=\"https:\/\/www.google.com\/maps\/embed?pb=!1m18!1m12!1m3!1d5096.837259668561!2d21.4667154348877!3d50.30277929999999!2m3!1f0!2f0!3f0!3m2!1i1024!2i768!4f13.1!3m3!1m2!1s0x473d6b2d8937ecd7%3A0x5a535db357092093!2sStamet%20s.c.%20D.%20Kr%C3%B3l%2C%20M.%20Rusin%2C%20S.%20Stachura!5e0!3m2!1spl!2spl!4v1582717611767!5m2!1spl!2spl\" width=\"600\" height=\"400\" frameborder=\"0\" style=\"border:0;\" allowfullscreen=\"\"><\/iframe>\t\t<\/div>\r\n\t<\/div><\/div><\/div><\/div><\/div><\/div>\n","protected":false},"excerpt":{"rendered":"","protected":false},"author":1,"featured_media":0,"parent":0,"menu_order":0,"comment_status":"closed","ping_status":"closed","template":"","meta":{"footnotes":""},"class_list":["post-27","page","type-page","status-publish"],"yoast_head":"<!-- This site is optimized with the Yoast SEO plugin v27.4 - https:\/\/yoast.com\/product\/yoast-seo-wordpress\/ -->\n<title>Kontakt - Stamet<\/title>\n<meta name=\"robots\" content=\"index, follow, max-snippet:-1, max-image-preview:large, max-video-preview:-1\" \/>\n<link rel=\"canonical\" href=\"https:\/\/stamet.pl\/en\/kontakt\/\" \/>\n<meta property=\"og:locale\" content=\"en_GB\" \/>\n<meta property=\"og:type\" content=\"article\" \/>\n<meta property=\"og:title\" content=\"Kontakt - Stamet\" \/>\n<meta property=\"og:url\" content=\"https:\/\/stamet.pl\/en\/kontakt\/\" \/>\n<meta property=\"og:site_name\" content=\"Stamet\" \/>\n<meta property=\"article:modified_time\" content=\"2022-12-13T11:47:18+00:00\" \/>\n<meta name=\"twitter:card\" content=\"summary_large_image\" \/>\n<meta name=\"twitter:label1\" content=\"Estimated reading time\" \/>\n\t<meta name=\"twitter:data1\" content=\"1 minute\" \/>\n<script type=\"application\/ld+json\" class=\"yoast-schema-graph\">{\"@context\":\"https:\\\/\\\/schema.org\",\"@graph\":[{\"@type\":\"WebPage\",\"@id\":\"https:\\\/\\\/stamet.pl\\\/kontakt\\\/\",\"url\":\"https:\\\/\\\/stamet.pl\\\/kontakt\\\/\",\"name\":\"Kontakt - Stamet\",\"isPartOf\":{\"@id\":\"https:\\\/\\\/stamet.pl\\\/en\\\/#website\"},\"datePublished\":\"2018-12-11T06:35:42+00:00\",\"dateModified\":\"2022-12-13T11:47:18+00:00\",\"breadcrumb\":{\"@id\":\"https:\\\/\\\/stamet.pl\\\/kontakt\\\/#breadcrumb\"},\"inLanguage\":\"en-GB\",\"potentialAction\":[{\"@type\":\"ReadAction\",\"target\":[\"https:\\\/\\\/stamet.pl\\\/kontakt\\\/\"]}]},{\"@type\":\"BreadcrumbList\",\"@id\":\"https:\\\/\\\/stamet.pl\\\/kontakt\\\/#breadcrumb\",\"itemListElement\":[{\"@type\":\"ListItem\",\"position\":1,\"name\":\"Strona g\u0142\u00f3wna\",\"item\":\"https:\\\/\\\/stamet.pl\\\/en\\\/\"},{\"@type\":\"ListItem\",\"position\":2,\"name\":\"Kontakt\"}]},{\"@type\":\"WebSite\",\"@id\":\"https:\\\/\\\/stamet.pl\\\/en\\\/#website\",\"url\":\"https:\\\/\\\/stamet.pl\\\/en\\\/\",\"name\":\"Stamet\",\"description\":\"\",\"potentialAction\":[{\"@type\":\"SearchAction\",\"target\":{\"@type\":\"EntryPoint\",\"urlTemplate\":\"https:\\\/\\\/stamet.pl\\\/en\\\/?s={search_term_string}\"},\"query-input\":{\"@type\":\"PropertyValueSpecification\",\"valueRequired\":true,\"valueName\":\"search_term_string\"}}],\"inLanguage\":\"en-GB\"}]}<\/script>\n<!-- \/ Yoast SEO plugin. -->","yoast_head_json":{"title":"Kontakt - Stamet","robots":{"index":"index","follow":"follow","max-snippet":"max-snippet:-1","max-image-preview":"max-image-preview:large","max-video-preview":"max-video-preview:-1"},"canonical":"https:\/\/stamet.pl\/en\/kontakt\/","og_locale":"en_GB","og_type":"article","og_title":"Kontakt - Stamet","og_url":"https:\/\/stamet.pl\/en\/kontakt\/","og_site_name":"Stamet","article_modified_time":"2022-12-13T11:47:18+00:00","twitter_card":"summary_large_image","twitter_misc":{"Estimated reading time":"1 minute"},"schema":{"@context":"https:\/\/schema.org","@graph":[{"@type":"WebPage","@id":"https:\/\/stamet.pl\/kontakt\/","url":"https:\/\/stamet.pl\/kontakt\/","name":"Kontakt - Stamet","isPartOf":{"@id":"https:\/\/stamet.pl\/en\/#website"},"datePublished":"2018-12-11T06:35:42+00:00","dateModified":"2022-12-13T11:47:18+00:00","breadcrumb":{"@id":"https:\/\/stamet.pl\/kontakt\/#breadcrumb"},"inLanguage":"en-GB","potentialAction":[{"@type":"ReadAction","target":["https:\/\/stamet.pl\/kontakt\/"]}]},{"@type":"BreadcrumbList","@id":"https:\/\/stamet.pl\/kontakt\/#breadcrumb","itemListElement":[{"@type":"ListItem","position":1,"name":"Strona g\u0142\u00f3wna","item":"https:\/\/stamet.pl\/en\/"},{"@type":"ListItem","position":2,"name":"Kontakt"}]},{"@type":"WebSite","@id":"https:\/\/stamet.pl\/en\/#website","url":"https:\/\/stamet.pl\/en\/","name":"Stamet","description":"","potentialAction":[{"@type":"SearchAction","target":{"@type":"EntryPoint","urlTemplate":"https:\/\/stamet.pl\/en\/?s={search_term_string}"},"query-input":{"@type":"PropertyValueSpecification","valueRequired":true,"valueName":"search_term_string"}}],"inLanguage":"en-GB"}]}},"_links":{"self":[{"href":"https:\/\/stamet.pl\/en\/wp-json\/wp\/v2\/pages\/27","targetHints":{"allow":["GET"]}}],"collection":[{"href":"https:\/\/stamet.pl\/en\/wp-json\/wp\/v2\/pages"}],"about":[{"href":"https:\/\/stamet.pl\/en\/wp-json\/wp\/v2\/types\/page"}],"author":[{"embeddable":true,"href":"https:\/\/stamet.pl\/en\/wp-json\/wp\/v2\/users\/1"}],"replies":[{"embeddable":true,"href":"https:\/\/stamet.pl\/en\/wp-json\/wp\/v2\/comments?post=27"}],"version-history":[{"count":22,"href":"https:\/\/stamet.pl\/en\/wp-json\/wp\/v2\/pages\/27\/revisions"}],"predecessor-version":[{"id":2437,"href":"https:\/\/stamet.pl\/en\/wp-json\/wp\/v2\/pages\/27\/revisions\/2437"}],"wp:attachment":[{"href":"https:\/\/stamet.pl\/en\/wp-json\/wp\/v2\/media?parent=27"}],"curies":[{"name":"wp","href":"https:\/\/api.w.org\/{rel}","templated":true}]}}